{"id":71,"date":"2025-05-21T11:24:11","date_gmt":"2025-05-21T09:24:11","guid":{"rendered":"https:\/\/rpn-consulting.fr\/?page_id=71"},"modified":"2025-05-27T10:34:29","modified_gmt":"2025-05-27T08:34:29","slug":"actualites","status":"publish","type":"page","link":"https:\/\/rpn-consulting.fr\/?page_id=71","title":{"rendered":"Actualit\u00e9s"},"content":{"rendered":"\n<div class=\"wp-block-group alignfull is-layout-constrained wp-container-core-group-is-layout-94e92a02 wp-block-group-is-layout-constrained\" style=\"margin-top:0;margin-bottom:0;padding-top:var(--wp--preset--spacing--80);padding-right:var(--wp--preset--spacing--40);padding-bottom:var(--wp--preset--spacing--80);padding-left:var(--wp--preset--spacing--40)\">\n<h2 class=\"wp-block-heading has-text-align-center\"><strong>Actualit\u00e9s &amp; Inspirations \u2013 RPN Consulting<\/strong><\/h2>\n\n\n\n<p class=\"has-text-align-center\">Plongez dans l\u2019univers de RPN Consulting \u00e0 travers nos actualit\u00e9s, projets r\u00e9cents, collaborations inspirantes et r\u00e9flexions strat\u00e9giques. Une vitrine vivante de nos actions sur le terrain, au service de la culture, de l\u2019\u00e9v\u00e9nementiel et des marques engag\u00e9es.<\/p>\n<\/div>\n\n\n\n<iframe loading=\"lazy\" src=\"https:\/\/www.linkedin.com\/embed\/feed\/update\/urn:li:share:7307483430013849602?collapsed=1\" height=\"670\" width=\"504\" frameborder=\"0\" allowfullscreen=\"\" title=\"Post int\u00e9gr\u00e9\"><\/iframe>\n\n\n\n<iframe loading=\"lazy\" src=\"https:\/\/www.linkedin.com\/embed\/feed\/update\/urn:li:share:7332763421727240192?collapsed=1\" height=\"590\" width=\"504\" frameborder=\"0\" allowfullscreen=\"\" title=\"Post int\u00e9gr\u00e9\"><\/iframe>\n\n\n\n<iframe loading=\"lazy\" src=\"https:\/\/www.linkedin.com\/embed\/feed\/update\/urn:li:share:7330470742813200384?collapsed=1\" height=\"556\" width=\"504\" frameborder=\"0\" allowfullscreen=\"\" title=\"Post int\u00e9gr\u00e9\"><\/iframe>\n\n\n\n<iframe loading=\"lazy\" src=\"https:\/\/www.linkedin.com\/embed\/feed\/update\/urn:li:share:7317634157499539456?collapsed=1\" height=\"590\" width=\"504\" frameborder=\"0\" allowfullscreen=\"\" title=\"Post int\u00e9gr\u00e9\"><\/iframe>\n\n\n\n<iframe loading=\"lazy\" src=\"https:\/\/www.linkedin.com\/embed\/feed\/update\/urn:li:share:7327620806396571650?collapsed=1\" height=\"670\" width=\"504\" frameborder=\"0\" allowfullscreen=\"\" title=\"Post int\u00e9gr\u00e9\"><\/iframe>\n","protected":false},"excerpt":{"rendered":"<p>Actualit\u00e9s &amp; Inspirations \u2013 RPN Consulting Plongez dans l\u2019univers de RPN Consulting \u00e0 travers nos actualit\u00e9s, projets r\u00e9cents, collaborations inspirantes et r\u00e9flexions strat\u00e9giques. Une vitrine vivante de nos actions sur le terrain, au service de la culture, de l\u2019\u00e9v\u00e9nementiel et des marques engag\u00e9es.<\/p>\n","protected":false},"author":1,"featured_media":0,"parent":0,"menu_order":0,"comment_status":"closed","ping_status":"closed","template":"","meta":{"footnotes":""},"class_list":["post-71","page","type-page","status-publish","hentry"],"_links":{"self":[{"href":"https:\/\/rpn-consulting.fr\/index.php?rest_route=\/wp\/v2\/pages\/71","targetHints":{"allow":["GET"]}}],"collection":[{"href":"https:\/\/rpn-consulting.fr\/index.php?rest_route=\/wp\/v2\/pages"}],"about":[{"href":"https:\/\/rpn-consulting.fr\/index.php?rest_route=\/wp\/v2\/types\/page"}],"author":[{"embeddable":true,"href":"https:\/\/rpn-consulting.fr\/index.php?rest_route=\/wp\/v2\/users\/1"}],"replies":[{"embeddable":true,"href":"https:\/\/rpn-consulting.fr\/index.php?rest_route=%2Fwp%2Fv2%2Fcomments&post=71"}],"version-history":[{"count":10,"href":"https:\/\/rpn-consulting.fr\/index.php?rest_route=\/wp\/v2\/pages\/71\/revisions"}],"predecessor-version":[{"id":153,"href":"https:\/\/rpn-consulting.fr\/index.php?rest_route=\/wp\/v2\/pages\/71\/revisions\/153"}],"wp:attachment":[{"href":"https:\/\/rpn-consulting.fr\/index.php?rest_route=%2Fwp%2Fv2%2Fmedia&parent=71"}],"curies":[{"name":"wp","href":"https:\/\/api.w.org\/{rel}","templated":true}]}}