{"id":19,"date":"2025-01-24T00:08:33","date_gmt":"2025-01-23T23:08:33","guid":{"rendered":"https:\/\/rpn-consulting.fr\/?page_id=19"},"modified":"2025-02-06T12:03:07","modified_gmt":"2025-02-06T11:03:07","slug":"expertise","status":"publish","type":"page","link":"https:\/\/rpn-consulting.fr\/?page_id=19","title":{"rendered":"Expertises"},"content":{"rendered":"\n<div class=\"wp-block-group is-layout-constrained wp-container-core-group-is-layout-481dc8fc wp-block-group-is-layout-constrained\" style=\"margin-top:0;margin-bottom:0;padding-top:0;padding-right:0;padding-bottom:0;padding-left:0\">\n<div class=\"wp-block-cover alignfull\" style=\"padding-top:var(--wp--preset--spacing--80);padding-right:var(--wp--preset--spacing--40);padding-bottom:var(--wp--preset--spacing--80);padding-left:var(--wp--preset--spacing--40);min-height:600px;aspect-ratio:unset;\"><span aria-hidden=\"true\" class=\"wp-block-cover__background has-black-background-color has-background-dim-60 has-background-dim\"><\/span><img decoding=\"async\" class=\"wp-block-cover__image-background\" alt=\"\" src=\"https:\/\/rpn-consulting.fr\/wp-content\/themes\/raft\/assets\/img\/raft-cover-bg.svg\" data-object-fit=\"cover\"\/><div class=\"wp-block-cover__inner-container is-layout-flow wp-container-core-cover-is-layout-c14e4aed wp-block-cover-is-layout-flow\">\n<div class=\"wp-block-group has-raft-fg-alt-color has-text-color is-layout-constrained wp-container-core-group-is-layout-33ba961d wp-block-group-is-layout-constrained\">\n<h1 class=\"wp-block-heading\"><strong>Donner du sens \u00e0 vos ambitions et transformer vos id\u00e9es en succ\u00e8s.<\/strong><\/h1>\n\n\n\n<div class=\"wp-block-buttons is-layout-flex wp-block-buttons-is-layout-flex\">\n<div class=\"wp-block-button\"><a class=\"wp-block-button__link wp-element-button\" href=\"https:\/\/rpn-consulting.fr\/?page_id=66\">Premiers pas<\/a><\/div>\n<\/div>\n<\/div>\n<\/div><\/div>\n<\/div>\n\n\n\n<p><\/p>\n\n\n\n<h3 class=\"wp-block-heading\">Chez RPN Consulting, nous croyons que chaque projet, qu\u2019il soit artisanal, design ou artistique, m\u00e9rite une approche personnalis\u00e9e et rigoureuse pour atteindre son plein potentiel.<\/h3>\n\n\n\n<p>Sp\u00e9cialis\u00e9s dans le conseil strat\u00e9gique et op\u00e9rationnel, nous allions vision \u00e0 long terme et actions concr\u00e8tes pour accompagner les cr\u00e9ateurs et les entreprises dans leur croissance et leur transformation. Notre m\u00e9thode repose sur une analyse approfondie de vos besoins, un accompagnement sur mesure et un engagement total \u00e0 chaque \u00e9tape de votre projet.<\/p>\n\n\n\n<p>Notre force r\u00e9side dans la combinaison d\u2019une vision globale et d\u2019une expertise pointue. Nous vous aidons \u00e0 structurer vos id\u00e9es, \u00e0 surmonter les d\u00e9fis op\u00e9rationnels et \u00e0 maximiser les opportunit\u00e9s. Qu\u2019il s\u2019agisse de valoriser un savoir-faire unique, de concevoir des solutions \u00e9co-responsables innovantes ou de sublimer une d\u00e9marche artistique, nous mettons en \u0153uvre des strat\u00e9gies adapt\u00e9es \u00e0 vos ambitions, avec une attention constante \u00e0 l\u2019excellence, l\u2019exigence et la performance.<\/p>\n\n\n\n<p>Avec RPN Consulting, vous b\u00e9n\u00e9ficiez d\u2019un partenaire engag\u00e9, \u00e0 vos c\u00f4t\u00e9s pour b\u00e2tir des projets durables, impactants et align\u00e9s avec vos valeurs. Ensemble, donnons vie \u00e0 vos aspirations.<\/p>\n\n\n\n<p><\/p>\n\n\n\n<div class=\"wp-block-group alignfull is-layout-constrained wp-block-group-is-layout-constrained\">\n<h1 class=\"wp-block-heading has-text-align-center\"><strong>Domaines d&rsquo;Expertise<\/strong><\/h1>\n\n\n\n<div class=\"wp-block-group alignfull is-layout-constrained wp-container-core-group-is-layout-b1018d00 wp-block-group-is-layout-constrained\" style=\"margin-top:0px;margin-bottom:0px;padding-top:var(--wp--preset--spacing--80);padding-right:var(--wp--preset--spacing--40);padding-bottom:var(--wp--preset--spacing--80);padding-left:var(--wp--preset--spacing--40)\">\n<div class=\"wp-block-columns alignwide is-layout-flex wp-container-core-columns-is-layout-08c01c1c wp-block-columns-is-layout-flex\">\n<div class=\"wp-block-column is-layout-flow wp-container-core-column-is-layout-119bc444 wp-block-column-is-layout-flow\">\n<figure class=\"wp-block-image size-full\"><img decoding=\"async\" src=\"https:\/\/rpn-consulting.fr\/wp-content\/themes\/raft\/assets\/img\/shape-05.svg\" alt=\"Illustration\"\/><\/figure>\n\n\n\n<h3 class=\"wp-block-heading\"><strong>Artisanat<\/strong><\/h3>\n\n\n\n<p>Accompagnement des savoir-faire uniques, pr\u00e9servation et valorisation.<\/p>\n<\/div>\n\n\n\n<div class=\"wp-block-column is-layout-flow wp-container-core-column-is-layout-119bc444 wp-block-column-is-layout-flow\">\n<figure class=\"wp-block-image size-full\"><img decoding=\"async\" src=\"https:\/\/rpn-consulting.fr\/wp-content\/themes\/raft\/assets\/img\/shape-06.svg\" alt=\"Illustration\"\/><\/figure>\n\n\n\n<h3 class=\"wp-block-heading\"><strong>Design<\/strong> <\/h3>\n\n\n\n<p>Solutions \u00e9co-responsables et techniques pour des projets innovants.<\/p>\n<\/div>\n\n\n\n<div class=\"wp-block-column is-layout-flow wp-container-core-column-is-layout-119bc444 wp-block-column-is-layout-flow\">\n<figure class=\"wp-block-image size-full\"><img decoding=\"async\" src=\"https:\/\/rpn-consulting.fr\/wp-content\/themes\/raft\/assets\/img\/shape-04.svg\" alt=\"Illustration\"\/><\/figure>\n\n\n\n<h3 class=\"wp-block-heading\"><strong>Arts<\/strong> <\/h3>\n\n\n\n<p>Conseil sur des projets artistiques incarnant l&rsquo;\u00e9l\u00e9gance et la beaut\u00e9.<\/p>\n<\/div>\n<\/div>\n<\/div>\n<\/div>\n\n\n\n<div class=\"wp-block-group alignfull is-layout-constrained wp-container-core-group-is-layout-a3c0914e wp-block-group-is-layout-constrained\" style=\"margin-top:0px;margin-bottom:0px;padding-top:var(--wp--preset--spacing--80);padding-right:var(--wp--preset--spacing--40);padding-bottom:var(--wp--preset--spacing--80);padding-left:var(--wp--preset--spacing--40)\">\n<div class=\"wp-block-group alignwide is-layout-flow wp-container-core-group-is-layout-05898ac8 wp-block-group-is-layout-flow\">\n<h1 class=\"wp-block-heading has-text-align-center has-xxl-font-size\"><strong>M\u00e9thodologie<\/strong><\/h1>\n\n\n\n<p class=\"has-text-align-center has-medium-font-size\"><strong>Une approche structur\u00e9e pour transformer vos ambitions en r\u00e9alisations concr\u00e8tes.<\/strong><\/p>\n\n\n\n<p class=\"has-text-align-center\">Chez RPN Consulting, chaque projet est unique et m\u00e9rite une attention minutieuse \u00e0 chaque \u00e9tape cl\u00e9 de son d\u00e9veloppement. Nous avons con\u00e7u une m\u00e9thodologie en trois phases fondamentales pour garantir une gestion optimale et des r\u00e9sultats \u00e0 la hauteur de vos ambitions.<\/p>\n\n\n\n<hr class=\"wp-block-separator has-text-color has-raft-accent-color has-alpha-channel-opacity has-raft-accent-background-color has-background\"\/>\n\n\n\n<div class=\"wp-block-columns is-layout-flex wp-container-core-columns-is-layout-28f84493 wp-block-columns-is-layout-flex\">\n<div class=\"wp-block-column is-vertically-aligned-top has-raft-bg-alt-background-color has-background is-layout-flow wp-block-column-is-layout-flow\" style=\"padding-top:var(--wp--preset--spacing--40);padding-right:var(--wp--preset--spacing--40);padding-bottom:var(--wp--preset--spacing--40);padding-left:var(--wp--preset--spacing--40)\">\n<figure class=\"wp-block-image size-full is-resized is-style-rounded\"><img decoding=\"async\" src=\"https:\/\/rpn-consulting.fr\/wp-content\/themes\/raft\/assets\/img\/shape-05.svg\" alt=\"\"\/><\/figure>\n\n\n\n<h2 class=\"wp-block-heading has-medium-font-size\"><strong>Analyse approfondie<\/strong> <\/h2>\n\n\n\n<p>Nous commen\u00e7ons par une immersion totale dans votre univers pour comprendre vos besoins, vos objectifs et vos contraintes. Cette \u00e9tape est essentielle pour poser des bases solides et identifier les opportunit\u00e9s strat\u00e9giques.<\/p>\n<\/div>\n\n\n\n<div class=\"wp-block-column is-vertically-aligned-top has-raft-bg-alt-background-color has-background is-layout-flow wp-block-column-is-layout-flow\" style=\"padding-top:var(--wp--preset--spacing--40);padding-right:var(--wp--preset--spacing--40);padding-bottom:var(--wp--preset--spacing--40);padding-left:var(--wp--preset--spacing--40)\">\n<figure class=\"wp-block-image size-full is-resized is-style-rounded\"><img decoding=\"async\" src=\"https:\/\/rpn-consulting.fr\/wp-content\/themes\/raft\/assets\/img\/shape-06.svg\" alt=\"\"\/><\/figure>\n\n\n\n<h2 class=\"wp-block-heading has-medium-font-size\"><strong>Conception de solutions sur mesure<\/strong><\/h2>\n\n\n\n<p>En fonction de nos analyses, nous \u00e9laborons des strat\u00e9gies adapt\u00e9es \u00e0 vos ambitions. Ces solutions prennent en compte toutes les \u00e9tapes de votre projet, depuis la planification jusqu\u2019\u00e0 l\u2019ex\u00e9cution, afin de garantir une approche coh\u00e9rente et performante.<\/p>\n<\/div>\n\n\n\n<div class=\"wp-block-column is-vertically-aligned-top has-raft-bg-alt-background-color has-background is-layout-flow wp-block-column-is-layout-flow\" style=\"padding-top:var(--wp--preset--spacing--40);padding-right:var(--wp--preset--spacing--40);padding-bottom:var(--wp--preset--spacing--40);padding-left:var(--wp--preset--spacing--40)\">\n<figure class=\"wp-block-image size-full is-resized is-style-rounded\"><img decoding=\"async\" src=\"https:\/\/rpn-consulting.fr\/wp-content\/themes\/raft\/assets\/img\/shape-07.svg\" alt=\"\"\/><\/figure>\n\n\n\n<h2 class=\"wp-block-heading has-medium-font-size\"><strong>Suivi rigoureux et ajustements<\/strong><\/h2>\n\n\n\n<p>Nous nous engageons \u00e0 vos c\u00f4t\u00e9s tout au long du processus. Chaque \u00e9tape est suivie de pr\u00e8s, avec une attention particuli\u00e8re aux d\u00e9tails et aux r\u00e9sultats, et nous proc\u00e9dons \u00e0 des ajustements si n\u00e9cessaire pour rester en phase avec vos objectifs.<\/p>\n<\/div>\n<\/div>\n<\/div>\n<\/div>\n\n\n\n<div class=\"wp-block-group alignfull has-raft-fg-alt-color has-raft-bg-inv-background-color has-text-color has-background has-link-color wp-elements-917b80a4cd66c5c55b079babe3126e5f is-layout-constrained wp-container-core-group-is-layout-c2b63da3 wp-block-group-is-layout-constrained\" style=\"margin-top:0px;margin-bottom:0px;padding-top:var(--wp--preset--spacing--80);padding-right:var(--wp--preset--spacing--40);padding-bottom:var(--wp--preset--spacing--80);padding-left:var(--wp--preset--spacing--40)\">\n<div class=\"wp-block-group alignfull is-layout-constrained wp-container-core-group-is-layout-a099c240 wp-block-group-is-layout-constrained\">\n<p class=\"has-text-align-center\">Notre m\u00e9thodologie repose sur la ma\u00eetrise des fondamentaux et une gestion fluide des \u00e9tapes cruciales : diagnostic initial, mise en \u0153uvre op\u00e9rationnelle, \u00e9valuation continue et accompagnement dans la p\u00e9rennisation de vos projets. Avec RPN Consulting, vous b\u00e9n\u00e9ficiez d\u2019un cadre structur\u00e9 et agile, con\u00e7u pour transformer vos id\u00e9es en succ\u00e8s mesurables.<\/p>\n<\/div>\n<\/div>\n\n\n\n<p><\/p>\n","protected":false},"excerpt":{"rendered":"<p>Chez RPN Consulting, nous croyons que chaque projet, qu\u2019il soit artisanal, design ou artistique, m\u00e9rite une approche personnalis\u00e9e et rigoureuse pour atteindre son plein potentiel. Sp\u00e9cialis\u00e9s dans le conseil strat\u00e9gique et op\u00e9rationnel, nous allions vision \u00e0 long terme et actions concr\u00e8tes pour accompagner les cr\u00e9ateurs et les entreprises dans leur croissance et leur transformation. Notre [&hellip;]<\/p>\n","protected":false},"author":1,"featured_media":0,"parent":0,"menu_order":0,"comment_status":"closed","ping_status":"closed","template":"","meta":{"footnotes":""},"class_list":["post-19","page","type-page","status-publish","hentry"],"_links":{"self":[{"href":"https:\/\/rpn-consulting.fr\/index.php?rest_route=\/wp\/v2\/pages\/19","targetHints":{"allow":["GET"]}}],"collection":[{"href":"https:\/\/rpn-consulting.fr\/index.php?rest_route=\/wp\/v2\/pages"}],"about":[{"href":"https:\/\/rpn-consulting.fr\/index.php?rest_route=\/wp\/v2\/types\/page"}],"author":[{"embeddable":true,"href":"https:\/\/rpn-consulting.fr\/index.php?rest_route=\/wp\/v2\/users\/1"}],"replies":[{"embeddable":true,"href":"https:\/\/rpn-consulting.fr\/index.php?rest_route=%2Fwp%2Fv2%2Fcomments&post=19"}],"version-history":[{"count":8,"href":"https:\/\/rpn-consulting.fr\/index.php?rest_route=\/wp\/v2\/pages\/19\/revisions"}],"predecessor-version":[{"id":104,"href":"https:\/\/rpn-consulting.fr\/index.php?rest_route=\/wp\/v2\/pages\/19\/revisions\/104"}],"wp:attachment":[{"href":"https:\/\/rpn-consulting.fr\/index.php?rest_route=%2Fwp%2Fv2%2Fmedia&parent=19"}],"curies":[{"name":"wp","href":"https:\/\/api.w.org\/{rel}","templated":true}]}}