{"id":11,"date":"2025-01-23T16:07:08","date_gmt":"2025-01-23T15:07:08","guid":{"rendered":"https:\/\/rpn-consulting.fr\/?page_id=11"},"modified":"2025-01-24T02:07:32","modified_gmt":"2025-01-24T01:07:32","slug":"la-societe","status":"publish","type":"page","link":"https:\/\/rpn-consulting.fr\/?page_id=11","title":{"rendered":"La soci\u00e9t\u00e9"},"content":{"rendered":"\n<h3 class=\"wp-block-heading\"><strong><strong><strong><strong>Bienvenue chez RPN Consulting,<\/strong><\/strong><\/strong><\/strong><\/h3>\n\n\n\n<p>Nous sommes anim\u00e9s par une ambition : transformer vos id\u00e9es en succ\u00e8s.<br>Chez RPN Consulting, nous croyons en la puissance d\u2019une approche sur mesure, port\u00e9e par des valeurs fondamentales d\u2019<strong>excellence<\/strong>, d\u2019<strong>exigence<\/strong> et de <strong>performance<\/strong>.<\/p>\n\n\n\n<p>Notre mission est d\u2019accompagner les cr\u00e9ateurs et les entreprises dans leur qu\u00eate de croissance et de transformation. Qu\u2019il s\u2019agisse de sublimer un savoir-faire artisanal, d\u2019\u00e9laborer des solutions design \u00e9co-responsables et techniques, ou de r\u00e9v\u00e9ler la beaut\u00e9 et l\u2019\u00e9l\u00e9gance d\u2019un projet artistique, nous sommes l\u00e0 pour vous guider avec rigueur et passion.<\/p>\n\n\n\n<hr class=\"wp-block-separator has-alpha-channel-opacity is-style-wide\"\/>\n\n\n\n<h3 class=\"wp-block-heading\"><strong><strong>Vision &amp; Mission<\/strong><\/strong><\/h3>\n\n\n\n<p>Accompagner les cr\u00e9ateurs et entreprises dans leur croissance et transformation avec une approche personnalis\u00e9e.<\/p>\n\n\n\n<hr class=\"wp-block-separator has-alpha-channel-opacity is-style-wide\"\/>\n\n\n\n<h3 class=\"wp-block-heading\"><strong>Nos Valeurs<\/strong><\/h3>\n\n\n\n<p>Chez RPN Consulting, nos actions s\u2019appuient sur trois piliers essentiels : <strong>excellence<\/strong>, <strong>exigence<\/strong>, et <strong>performance<\/strong>. Ces valeurs sont au c\u0153ur de notre engagement et d\u00e9finissent notre approche dans chacun des projets que nous accompagnons.<\/p>\n\n\n\n<div class=\"wp-block-group is-layout-constrained wp-container-core-group-is-layout-b1018d00 wp-block-group-is-layout-constrained\" style=\"margin-top:0px;margin-bottom:0px;padding-top:var(--wp--preset--spacing--80);padding-right:var(--wp--preset--spacing--40);padding-bottom:var(--wp--preset--spacing--80);padding-left:var(--wp--preset--spacing--40)\">\n<div class=\"wp-block-columns alignwide is-layout-flex wp-container-core-columns-is-layout-08c01c1c wp-block-columns-is-layout-flex\">\n<div class=\"wp-block-column is-layout-flow wp-container-core-column-is-layout-119bc444 wp-block-column-is-layout-flow\">\n<figure class=\"wp-block-image size-full\"><img decoding=\"async\" src=\"https:\/\/rpn-consulting.fr\/wp-content\/themes\/raft\/assets\/img\/shape-05.svg\" alt=\"Illustration\"\/><\/figure>\n\n\n\n<h3 class=\"wp-block-heading\"><strong>Excellence<\/strong><\/h3>\n\n\n\n<p>Nous croyons en la recherche constante de perfection et en la valorisation du savoir-faire unique de chaque projet.<\/p>\n\n\n\n<details class=\"wp-block-details is-layout-flow wp-block-details-is-layout-flow\"><summary>ARTISANAT<\/summary>\n<p>Nous soutenons les m\u00e9tiers d\u2019art et les savoir-faire d\u2019exception en mettant en lumi\u00e8re leur authenticit\u00e9 et leur raffinement. Nous nous engageons \u00e0 pr\u00e9server et transmettre ces traditions tout en les adaptant aux exigences contemporaines.<\/p>\n<\/details>\n\n\n\n<details class=\"wp-block-details is-layout-flow wp-block-details-is-layout-flow\"><summary>DESIGN<\/summary>\n<p>Chaque projet est pens\u00e9 pour allier esth\u00e9tisme, innovation et durabilit\u00e9. Nous favorisons des solutions techniques \u00e9l\u00e9gantes qui r\u00e9pondent aux enjeux modernes sans compromis sur la qualit\u00e9.<\/p>\n\n\n\n<p><\/p>\n<\/details>\n\n\n\n<details class=\"wp-block-details is-layout-flow wp-block-details-is-layout-flow\"><summary>ART<\/summary>\n<p>Notre approche pour les projets artistiques est centr\u00e9e sur l\u2019expression d\u2019une vision singuli\u00e8re. Nous accompagnons nos clients dans la r\u00e9alisation d\u2019\u0153uvres et d\u2019exp\u00e9riences qui captivent par leur beaut\u00e9 intemporelle et leur impact \u00e9motionnel.<\/p>\n<\/details>\n<\/div>\n\n\n\n<div class=\"wp-block-column is-layout-flow wp-container-core-column-is-layout-119bc444 wp-block-column-is-layout-flow\">\n<figure class=\"wp-block-image size-full\"><img decoding=\"async\" src=\"https:\/\/rpn-consulting.fr\/wp-content\/themes\/raft\/assets\/img\/shape-06.svg\" alt=\"Illustration\"\/><\/figure>\n\n\n\n<h3 class=\"wp-block-heading\"><strong>Exigence<\/strong><\/h3>\n\n\n\n<p>La rigueur et l\u2019attention au d\u00e9tail sont au c\u0153ur de notre m\u00e9thode de travail.<\/p>\n\n\n\n<details class=\"wp-block-details is-layout-flow wp-block-details-is-layout-flow\"><summary>ARTISANAT<\/summary>\n<p>Nous travaillons main dans la main avec des artisans passionn\u00e9s, en veillant \u00e0 ce que chaque cr\u00e9ation r\u00e9ponde aux standards les plus \u00e9lev\u00e9s.<\/p>\n\n\n\n<p><\/p>\n<\/details>\n\n\n\n<details class=\"wp-block-details is-layout-flow wp-block-details-is-layout-flow\"><summary>DESIGN<\/summary>\n<p>L\u2019exigence se traduit par une analyse approfondie et des recommandations adapt\u00e9es, tenant compte des contraintes techniques, environnementales et \u00e9conomiques.<\/p>\n<\/details>\n\n\n\n<details class=\"wp-block-details is-layout-flow wp-block-details-is-layout-flow\"><summary>ART<\/summary>\n<p>Dans l\u2019univers artistique, nous privil\u00e9gions une d\u00e9marche sur mesure, permettant \u00e0 chaque projet d\u2019atteindre son plein potentiel tout en respectant les attentes et les objectifs de nos clients.<\/p>\n<\/details>\n<\/div>\n\n\n\n<div class=\"wp-block-column is-layout-flow wp-container-core-column-is-layout-119bc444 wp-block-column-is-layout-flow\">\n<figure class=\"wp-block-image size-full\"><img decoding=\"async\" src=\"https:\/\/rpn-consulting.fr\/wp-content\/themes\/raft\/assets\/img\/shape-04.svg\" alt=\"Illustration\"\/><\/figure>\n\n\n\n<h3 class=\"wp-block-heading\"><strong>Performance<\/strong><\/h3>\n\n\n\n<p>Nous mesurons notre r\u00e9ussite \u00e0 l\u2019impact concret que nous apportons \u00e0 nos partenaires.<\/p>\n\n\n\n<details class=\"wp-block-details is-layout-flow wp-block-details-is-layout-flow\"><summary>ARTISANAT<\/summary>\n<p>Nous aidons les artisans \u00e0 p\u00e9renniser leur activit\u00e9, \u00e0 s\u2019adapter aux march\u00e9s actuels et \u00e0 \u00e9largir leur rayonnement.<\/p>\n\n\n\n<p><\/p>\n<\/details>\n\n\n\n<details class=\"wp-block-details is-layout-flow wp-block-details-is-layout-flow\"><summary>DESIGN<\/summary>\n<p>Nos solutions contribuent \u00e0 rendre les projets plus efficaces, durables et comp\u00e9titifs, tout en pr\u00e9servant leur caract\u00e8re unique.<\/p>\n<\/details>\n\n\n\n<details class=\"wp-block-details is-layout-flow wp-block-details-is-layout-flow\"><summary>ART<\/summary>\n<p>Nous transformons les ambitions artistiques en r\u00e9sultats mesurables, qu\u2019il s\u2019agisse de notori\u00e9t\u00e9, de reconnaissance ou d\u2019impact social et culturel.<\/p>\n<\/details>\n<\/div>\n<\/div>\n<\/div>\n\n\n\n<hr class=\"wp-block-separator has-alpha-channel-opacity is-style-wide\"\/>\n\n\n\n<h3 class=\"wp-block-heading\"><strong>Des valeurs au service de vos ambitions<\/strong><\/h3>\n\n\n\n<p>RPN Consulting ne se contente pas de proposer des solutions. Nous \u00e9tablissons une v\u00e9ritable collaboration, en insufflant \u00e0 chaque projet une vision claire, des solutions audacieuses et un accompagnement irr\u00e9prochable. Notre objectif : traduire vos id\u00e9es en r\u00e9alisations d\u2019exception.<\/p>\n\n\n\n<p><\/p>\n\n\n\n<div class=\"wp-block-group alignfull has-raft-fg-alt-color has-raft-bg-inv-background-color has-text-color has-background has-link-color wp-elements-6779c63625fe808a76f6e60744e93ef3 is-layout-flow wp-container-core-group-is-layout-60ec7785 wp-block-group-is-layout-flow\" style=\"margin-top:0;margin-bottom:0;padding-top:0;padding-right:0;padding-bottom:0;padding-left:0\">\n<div class=\"wp-block-columns is-layout-flex wp-container-core-columns-is-layout-87535699 wp-block-columns-is-layout-flex\" style=\"margin-top:0;margin-bottom:0;padding-top:0;padding-right:0;padding-bottom:0;padding-left:0\">\n<div class=\"wp-block-column is-vertically-aligned-stretch is-layout-flow wp-block-column-is-layout-flow\" style=\"padding-top:0;padding-right:0;padding-bottom:0;padding-left:0;flex-basis:50%\">\n<figure data-wp-context=\"{&quot;imageId&quot;:&quot;69d51c35410f6&quot;}\" data-wp-interactive=\"core\/image\" data-wp-key=\"69d51c35410f6\" class=\"wp-block-image aligncenter size-large wp-lightbox-container\"><img decoding=\"async\" data-wp-class--hide=\"state.isContentHidden\" data-wp-class--show=\"state.isContentVisible\" data-wp-init=\"callbacks.setButtonStyles\" data-wp-on--click=\"actions.showLightbox\" data-wp-on--load=\"callbacks.setButtonStyles\" data-wp-on-window--resize=\"callbacks.setButtonStyles\" src=\"https:\/\/rpn-consulting.fr\/wp-content\/themes\/raft\/assets\/img\/raft-cover-bg.svg\" alt=\"\" class=\"wp-image-281\" style=\"aspect-ratio:1;object-fit:cover\"\/><button\n\t\t\tclass=\"lightbox-trigger\"\n\t\t\ttype=\"button\"\n\t\t\taria-haspopup=\"dialog\"\n\t\t\taria-label=\"Agrandir\"\n\t\t\tdata-wp-init=\"callbacks.initTriggerButton\"\n\t\t\tdata-wp-on--click=\"actions.showLightbox\"\n\t\t\tdata-wp-style--right=\"state.imageButtonRight\"\n\t\t\tdata-wp-style--top=\"state.imageButtonTop\"\n\t\t>\n\t\t\t<svg xmlns=\"http:\/\/www.w3.org\/2000\/svg\" width=\"12\" height=\"12\" fill=\"none\" viewBox=\"0 0 12 12\">\n\t\t\t\t<path fill=\"#fff\" d=\"M2 0a2 2 0 0 0-2 2v2h1.5V2a.5.5 0 0 1 .5-.5h2V0H2Zm2 10.5H2a.5.5 0 0 1-.5-.5V8H0v2a2 2 0 0 0 2 2h2v-1.5ZM8 12v-1.5h2a.5.5 0 0 0 .5-.5V8H12v2a2 2 0 0 1-2 2H8Zm2-12a2 2 0 0 1 2 2v2h-1.5V2a.5.5 0 0 0-.5-.5H8V0h2Z\" \/>\n\t\t\t<\/svg>\n\t\t<\/button><\/figure>\n<\/div>\n\n\n\n<div class=\"wp-block-column is-vertically-aligned-center is-layout-constrained wp-container-core-column-is-layout-c40bd83a wp-block-column-is-layout-constrained\" style=\"padding-top:var(--wp--preset--spacing--80);padding-right:var(--wp--preset--spacing--60);padding-bottom:var(--wp--preset--spacing--80);padding-left:var(--wp--preset--spacing--60);flex-basis:50%\">\n<div class=\"wp-block-group is-layout-constrained wp-container-core-group-is-layout-92b9201d wp-block-group-is-layout-constrained\">\n<p class=\"has-small-font-size\" style=\"font-style:normal;font-weight:600;letter-spacing:2px;text-transform:uppercase\">Fondateur<\/p>\n\n\n\n<h2 class=\"wp-block-heading has-huge-font-size\"><strong>Maxime Artigues<\/strong><\/h2>\n\n\n\n<p>Mon parcours professionnel est jalonn\u00e9 par une qu\u00eate constante d\u2019excellence, d\u2019exigence et de performance, trois valeurs fondamentales qui guident aujourd\u2019hui mon engagement avec <strong>RPN Consulting<\/strong>.<\/p>\n\n\n\n<p>Apr\u00e8s des d\u00e9buts dans des environnements techniques et commerciaux, je choisis de mettre mes comp\u00e9tences au service de projets culturels et artistiques d\u2019envergure. \u00c0 l\u2019Op\u00e9ra de Nice, je relance et d\u00e9veloppe le Cercle des m\u00e9c\u00e8nes, tout en organisant des \u00e9v\u00e9nements majeurs qui renforce le rayonnement de cette institution. Cette d\u00e9cennie sous le signe de la rigueur et de la passion a profond\u00e9ment marqu\u00e9 ma vision du travail et des collaborations.<\/p>\n\n\n\n<p>L\u2019appel de Paris m\u2019a ensuite conduit \u00e0 explorer le secteur de la mobilit\u00e9 \u00e9v\u00e9nementielle haut de gamme. Ce r\u00f4le m\u2019a offert l\u2019opportunit\u00e9 de collaborer avec des lieux prestigieux et des projets ambitieux, consolidant mon expertise en gestion strat\u00e9gique et op\u00e9rationnelle.<\/p>\n\n\n\n<p>Ces exp\u00e9riences vari\u00e9es, alliant cr\u00e9ativit\u00e9, innovation et gestion, m\u2019ont donn\u00e9 les cl\u00e9s pour accompagner aujourd\u2019hui les cr\u00e9ateurs et entreprises dans leurs ambitions. Avec <strong>RPN Consulting<\/strong>, j\u2019aide mes clients \u00e0 transformer leurs id\u00e9es en r\u00e9alisations d\u2019exception, qu\u2019il s\u2019agisse de valoriser un savoir-faire artisanal, d\u2019imaginer des solutions design \u00e9co-responsables ou de r\u00e9v\u00e9ler la beaut\u00e9 d\u2019un projet artistique.<\/p>\n\n\n\n<p>Parce que je crois fermement que chaque ambition m\u00e9rite les moyens de s\u2019accomplir, je m\u2019engage \u00e0 vos c\u00f4t\u00e9s pour b\u00e2tir ensemble le succ\u00e8s de vos projets.<\/p>\n\n\n\n<ul class=\"wp-block-social-links has-icon-color is-style-logos-only is-nowrap is-layout-flex wp-container-core-social-links-is-layout-c9a9dbe9 wp-block-social-links-is-layout-flex\"><li style=\"color:#FDFDFD;\" class=\"wp-social-link wp-social-link-instagram has-raft-fg-alt-color wp-block-social-link\"><a href=\"#\" class=\"wp-block-social-link-anchor\"><svg width=\"24\" height=\"24\" viewBox=\"0 0 24 24\" version=\"1.1\" xmlns=\"http:\/\/www.w3.org\/2000\/svg\" aria-hidden=\"true\" focusable=\"false\"><path d=\"M12,4.622c2.403,0,2.688,0.009,3.637,0.052c0.877,0.04,1.354,0.187,1.671,0.31c0.42,0.163,0.72,0.358,1.035,0.673 c0.315,0.315,0.51,0.615,0.673,1.035c0.123,0.317,0.27,0.794,0.31,1.671c0.043,0.949,0.052,1.234,0.052,3.637 s-0.009,2.688-0.052,3.637c-0.04,0.877-0.187,1.354-0.31,1.671c-0.163,0.42-0.358,0.72-0.673,1.035 c-0.315,0.315-0.615,0.51-1.035,0.673c-0.317,0.123-0.794,0.27-1.671,0.31c-0.949,0.043-1.233,0.052-3.637,0.052 s-2.688-0.009-3.637-0.052c-0.877-0.04-1.354-0.187-1.671-0.31c-0.42-0.163-0.72-0.358-1.035-0.673 c-0.315-0.315-0.51-0.615-0.673-1.035c-0.123-0.317-0.27-0.794-0.31-1.671C4.631,14.688,4.622,14.403,4.622,12 s0.009-2.688,0.052-3.637c0.04-0.877,0.187-1.354,0.31-1.671c0.163-0.42,0.358-0.72,0.673-1.035 c0.315-0.315,0.615-0.51,1.035-0.673c0.317-0.123,0.794-0.27,1.671-0.31C9.312,4.631,9.597,4.622,12,4.622 M12,3 C9.556,3,9.249,3.01,8.289,3.054C7.331,3.098,6.677,3.25,6.105,3.472C5.513,3.702,5.011,4.01,4.511,4.511 c-0.5,0.5-0.808,1.002-1.038,1.594C3.25,6.677,3.098,7.331,3.054,8.289C3.01,9.249,3,9.556,3,12c0,2.444,0.01,2.751,0.054,3.711 c0.044,0.958,0.196,1.612,0.418,2.185c0.23,0.592,0.538,1.094,1.038,1.594c0.5,0.5,1.002,0.808,1.594,1.038 c0.572,0.222,1.227,0.375,2.185,0.418C9.249,20.99,9.556,21,12,21s2.751-0.01,3.711-0.054c0.958-0.044,1.612-0.196,2.185-0.418 c0.592-0.23,1.094-0.538,1.594-1.038c0.5-0.5,0.808-1.002,1.038-1.594c0.222-0.572,0.375-1.227,0.418-2.185 C20.99,14.751,21,14.444,21,12s-0.01-2.751-0.054-3.711c-0.044-0.958-0.196-1.612-0.418-2.185c-0.23-0.592-0.538-1.094-1.038-1.594 c-0.5-0.5-1.002-0.808-1.594-1.038c-0.572-0.222-1.227-0.375-2.185-0.418C14.751,3.01,14.444,3,12,3L12,3z M12,7.378 c-2.552,0-4.622,2.069-4.622,4.622S9.448,16.622,12,16.622s4.622-2.069,4.622-4.622S14.552,7.378,12,7.378z M12,15 c-1.657,0-3-1.343-3-3s1.343-3,3-3s3,1.343,3,3S13.657,15,12,15z M16.804,6.116c-0.596,0-1.08,0.484-1.08,1.08 s0.484,1.08,1.08,1.08c0.596,0,1.08-0.484,1.08-1.08S17.401,6.116,16.804,6.116z\"><\/path><\/svg><span class=\"wp-block-social-link-label screen-reader-text\">Instagram<\/span><\/a><\/li>\n\n<li style=\"color:#FDFDFD;\" class=\"wp-social-link wp-social-link-linkedin has-raft-fg-alt-color wp-block-social-link\"><a href=\"#\" class=\"wp-block-social-link-anchor\"><svg width=\"24\" height=\"24\" viewBox=\"0 0 24 24\" version=\"1.1\" xmlns=\"http:\/\/www.w3.org\/2000\/svg\" aria-hidden=\"true\" focusable=\"false\"><path d=\"M19.7,3H4.3C3.582,3,3,3.582,3,4.3v15.4C3,20.418,3.582,21,4.3,21h15.4c0.718,0,1.3-0.582,1.3-1.3V4.3 C21,3.582,20.418,3,19.7,3z M8.339,18.338H5.667v-8.59h2.672V18.338z M7.004,8.574c-0.857,0-1.549-0.694-1.549-1.548 c0-0.855,0.691-1.548,1.549-1.548c0.854,0,1.547,0.694,1.547,1.548C8.551,7.881,7.858,8.574,7.004,8.574z M18.339,18.338h-2.669 v-4.177c0-0.996-0.017-2.278-1.387-2.278c-1.389,0-1.601,1.086-1.601,2.206v4.249h-2.667v-8.59h2.559v1.174h0.037 c0.356-0.675,1.227-1.387,2.526-1.387c2.703,0,3.203,1.779,3.203,4.092V18.338z\"><\/path><\/svg><span class=\"wp-block-social-link-label screen-reader-text\">LinkedIn<\/span><\/a><\/li><\/ul>\n<\/div>\n\n\n\n<div class=\"wp-block-buttons is-layout-flex wp-block-buttons-is-layout-flex\">\n<div class=\"wp-block-button\"><a class=\"wp-block-button__link wp-element-button\" href=\"https:\/\/rpn-consulting.fr\/?page_id=66\">Prendre rendez-vous<\/a><\/div>\n<\/div>\n<\/div>\n<\/div>\n<\/div>\n\n\n\n<p><\/p>\n","protected":false},"excerpt":{"rendered":"<p>Bienvenue chez RPN Consulting, Nous sommes anim\u00e9s par une ambition : transformer vos id\u00e9es en succ\u00e8s.Chez RPN Consulting, nous croyons en la puissance d\u2019une approche sur mesure, port\u00e9e par des valeurs fondamentales d\u2019excellence, d\u2019exigence et de performance. Notre mission est d\u2019accompagner les cr\u00e9ateurs et les entreprises dans leur qu\u00eate de croissance et de transformation. Qu\u2019il [&hellip;]<\/p>\n","protected":false},"author":1,"featured_media":0,"parent":0,"menu_order":0,"comment_status":"closed","ping_status":"closed","template":"","meta":{"footnotes":""},"class_list":["post-11","page","type-page","status-publish","hentry"],"_links":{"self":[{"href":"https:\/\/rpn-consulting.fr\/index.php?rest_route=\/wp\/v2\/pages\/11","targetHints":{"allow":["GET"]}}],"collection":[{"href":"https:\/\/rpn-consulting.fr\/index.php?rest_route=\/wp\/v2\/pages"}],"about":[{"href":"https:\/\/rpn-consulting.fr\/index.php?rest_route=\/wp\/v2\/types\/page"}],"author":[{"embeddable":true,"href":"https:\/\/rpn-consulting.fr\/index.php?rest_route=\/wp\/v2\/users\/1"}],"replies":[{"embeddable":true,"href":"https:\/\/rpn-consulting.fr\/index.php?rest_route=%2Fwp%2Fv2%2Fcomments&post=11"}],"version-history":[{"count":18,"href":"https:\/\/rpn-consulting.fr\/index.php?rest_route=\/wp\/v2\/pages\/11\/revisions"}],"predecessor-version":[{"id":91,"href":"https:\/\/rpn-consulting.fr\/index.php?rest_route=\/wp\/v2\/pages\/11\/revisions\/91"}],"wp:attachment":[{"href":"https:\/\/rpn-consulting.fr\/index.php?rest_route=%2Fwp%2Fv2%2Fmedia&parent=11"}],"curies":[{"name":"wp","href":"https:\/\/api.w.org\/{rel}","templated":true}]}}