{"id":109,"date":"2025-02-25T22:21:14","date_gmt":"2025-02-25T21:21:14","guid":{"rendered":"https:\/\/rpn-consulting.fr\/?page_id=109"},"modified":"2025-02-25T22:21:14","modified_gmt":"2025-02-25T21:21:14","slug":"offres","status":"publish","type":"page","link":"https:\/\/rpn-consulting.fr\/?page_id=109","title":{"rendered":"Offres"},"content":{"rendered":"\n<div class=\"wp-block-group alignfull is-layout-constrained wp-container-core-group-is-layout-1ee8cfa1 wp-block-group-is-layout-constrained\" style=\"margin-top:0;margin-bottom:0;padding-top:var(--wp--preset--spacing--80);padding-right:var(--wp--preset--spacing--40);padding-bottom:var(--wp--preset--spacing--80);padding-left:var(--wp--preset--spacing--40)\">\n<div class=\"wp-block-group alignwide is-layout-flow wp-block-group-is-layout-flow\">\n<div class=\"wp-block-columns is-layout-flex wp-container-core-columns-is-layout-28f84493 wp-block-columns-is-layout-flex\">\n<div class=\"wp-block-column is-vertically-aligned-center is-layout-flow wp-block-column-is-layout-flow\">\n<div class=\"wp-block-group is-layout-constrained wp-container-core-group-is-layout-4c9bdec8 wp-block-group-is-layout-constrained\" style=\"border-radius:5px;padding-top:0;padding-right:0;padding-bottom:0;padding-left:0\">\n<p class=\"has-small-font-size\" style=\"font-style:normal;font-weight:600;letter-spacing:2px;text-transform:uppercase\"><strong>contrat de mandat<\/strong><\/p>\n\n\n\n<h2 class=\"wp-block-heading has-text-align-left\"><strong>Le contrat de mandat pour la lev\u00e9e de fonds : une solution cl\u00e9 en main pour vos projets<\/strong><\/h2>\n\n\n\n<p class=\"has-text-align-left\">Le\u00a0<strong>contrat de mandat pour la lev\u00e9e de fonds<\/strong>\u00a0est une solution id\u00e9ale pour les structures artistiques souhaitant financer leurs projets de mani\u00e8re efficace et s\u00e9curis\u00e9e. <\/p>\n\n\n\n<p class=\"has-text-align-left\">Gr\u00e2ce \u00e0 ce dispositif, <strong>RPN Consulting<\/strong>\u00a0accompagne les cr\u00e9ateurs et institutions artistiques dans la recherche et l&rsquo;obtention de financements priv\u00e9s et publics.<\/p>\n<\/div>\n<\/div>\n\n\n\n<div class=\"wp-block-column has-raft-bg-alt-background-color has-background is-layout-flow wp-block-column-is-layout-flow\">\n<div class=\"wp-block-group is-layout-constrained wp-container-core-group-is-layout-ba3d759a wp-block-group-is-layout-constrained\" style=\"padding-top:var(--wp--preset--spacing--50);padding-right:var(--wp--preset--spacing--50);padding-bottom:var(--wp--preset--spacing--50);padding-left:var(--wp--preset--spacing--50)\">\n<div class=\"wp-block-group is-nowrap is-layout-flex wp-container-core-group-is-layout-6c531013 wp-block-group-is-layout-flex\">\n<p class=\"has-text-align-left\" style=\"font-size:3rem\">A partir de <strong>0 \u20ac<\/strong><\/p>\n<\/div>\n\n\n\n<div style=\"height:16px\" aria-hidden=\"true\" class=\"wp-block-spacer\"><\/div>\n\n\n\n<p class=\"has-text-align-left has-normal-font-size\">Accompagnement expert et personnalis\u00e9<\/p>\n\n\n\n<hr class=\"wp-block-separator has-alpha-channel-opacity is-style-wide\" style=\"margin-top:var(--wp--preset--spacing--30);margin-bottom:var(--wp--preset--spacing--30)\"\/>\n\n\n\n<p class=\"has-text-align-left has-normal-font-size\">R\u00e9mun\u00e9ration bas\u00e9e sur les r\u00e9sultats<\/p>\n\n\n\n<hr class=\"wp-block-separator has-alpha-channel-opacity is-style-wide\" style=\"margin-top:var(--wp--preset--spacing--30);margin-bottom:var(--wp--preset--spacing--30)\"\/>\n\n\n\n<p class=\"has-text-align-left has-normal-font-size\">Gestion optimis\u00e9e du processus de financement<\/p>\n\n\n\n<hr class=\"wp-block-separator has-alpha-channel-opacity is-style-wide\" style=\"margin-top:var(--wp--preset--spacing--30);margin-bottom:var(--wp--preset--spacing--30)\"\/>\n\n\n\n<p class=\"has-text-align-left has-normal-font-size\">Approche flexible et \u00e9volutive<\/p>\n\n\n\n<hr class=\"wp-block-separator has-alpha-channel-opacity is-style-wide\" style=\"margin-top:var(--wp--preset--spacing--30);margin-bottom:var(--wp--preset--spacing--30)\"\/>\n\n\n\n<p class=\"has-text-align-left has-normal-font-size\">S\u00e9curisation juridique et financi\u00e8re<\/p>\n\n\n\n<div style=\"height:16px\" aria-hidden=\"true\" class=\"wp-block-spacer\"><\/div>\n\n\n\n<div class=\"wp-block-buttons is-content-justification-space-between is-layout-flex wp-container-core-buttons-is-layout-b2891da8 wp-block-buttons-is-layout-flex\">\n<div class=\"wp-block-button has-custom-width wp-block-button__width-100 is-style-fill\"><a class=\"wp-block-button__link has-raft-fg-alt-color has-text-color wp-element-button\" href=\"https:\/\/rpn-consulting.fr\/?page_id=66\">Prendre rendez-vous<\/a><\/div>\n<\/div>\n<\/div>\n<\/div>\n<\/div>\n<\/div>\n<\/div>\n\n\n\n<div class=\"wp-block-group alignfull is-layout-constrained wp-container-core-group-is-layout-1ee8cfa1 wp-block-group-is-layout-constrained\" style=\"margin-top:0;margin-bottom:0;padding-top:var(--wp--preset--spacing--80);padding-right:var(--wp--preset--spacing--40);padding-bottom:var(--wp--preset--spacing--80);padding-left:var(--wp--preset--spacing--40)\">\n<h2 class=\"wp-block-heading has-text-align-center is-style-default\"><strong>Strat\u00e9gie, Action et Transmission : <br><\/strong>Trois offres pour structurer, d\u00e9velopper et p\u00e9renniser votre activit\u00e9<\/h2>\n\n\n\n<div class=\"wp-block-group alignwide is-layout-flow wp-block-group-is-layout-flow\">\n<div class=\"wp-block-columns is-layout-flex wp-container-core-columns-is-layout-28f84493 wp-block-columns-is-layout-flex\">\n<div class=\"wp-block-column is-layout-flow wp-block-column-is-layout-flow\">\n<div class=\"wp-block-group has-raft-fg-alt-color has-raft-bg-inv-background-color has-text-color has-background has-link-color wp-elements-9f0b031a96e7222899aafbf5cc670b21 is-layout-constrained wp-container-core-group-is-layout-ba3d759a wp-block-group-is-layout-constrained\" style=\"border-radius:5px;padding-top:var(--wp--preset--spacing--50);padding-right:var(--wp--preset--spacing--50);padding-bottom:var(--wp--preset--spacing--50);padding-left:var(--wp--preset--spacing--50)\">\n<h3 class=\"wp-block-heading has-text-align-center has-medium-font-size\">Pack Diagnostic strat\u00e9gique<\/h3>\n\n\n\n<h2 class=\"wp-block-heading has-text-align-center has-huge-font-size\"><strong>1 500 \u20ac<\/strong><\/h2>\n\n\n\n<p class=\"has-text-align-center has-small-font-size\" style=\"font-style:normal;font-weight:600;letter-spacing:2px;text-transform:uppercase\">A partir de <\/p>\n\n\n\n<div style=\"height:16px\" aria-hidden=\"true\" class=\"wp-block-spacer\"><\/div>\n\n\n\n<p class=\"has-text-align-center has-normal-font-size\">Analyse approfondie et sur-mesure<\/p>\n\n\n\n<p class=\"has-text-align-center has-normal-font-size\">Recommandations strat\u00e9giques adapt\u00e9es<\/p>\n\n\n\n<p class=\"has-text-align-center has-normal-font-size\">Optimisation de la rentabilit\u00e9<\/p>\n\n\n\n<p class=\"has-text-align-center has-normal-font-size\">Gain de temps et d\u2019efficacit\u00e9<\/p>\n\n\n\n<div style=\"height:16px\" aria-hidden=\"true\" class=\"wp-block-spacer\"><\/div>\n\n\n\n<div class=\"wp-block-buttons is-content-justification-space-between is-layout-flex wp-container-core-buttons-is-layout-b2891da8 wp-block-buttons-is-layout-flex\">\n<div class=\"wp-block-button has-custom-width wp-block-button__width-100\"><a class=\"wp-block-button__link has-raft-fg-alt-color has-text-color wp-element-button\" href=\"https:\/\/rpn-consulting.fr\/?page_id=66\">Prendre rendez-vous<\/a><\/div>\n<\/div>\n<\/div>\n<\/div>\n\n\n\n<div class=\"wp-block-column is-layout-flow wp-block-column-is-layout-flow\">\n<div class=\"wp-block-group has-raft-fg-alt-color has-raft-bg-inv-background-color has-text-color has-background has-link-color wp-elements-91c73133501b5b35db4dfc34307792f7 is-layout-constrained wp-container-core-group-is-layout-ba3d759a wp-block-group-is-layout-constrained\" style=\"border-radius:5px;padding-top:var(--wp--preset--spacing--50);padding-right:var(--wp--preset--spacing--50);padding-bottom:var(--wp--preset--spacing--50);padding-left:var(--wp--preset--spacing--50)\">\n<h3 class=\"wp-block-heading has-text-align-center has-medium-font-size\">Accompagnement op\u00e9rationnel<\/h3>\n\n\n\n<h2 class=\"wp-block-heading has-text-align-center has-huge-font-size\"><strong>150 \u20ac<\/strong><\/h2>\n\n\n\n<p class=\"has-text-align-center has-small-font-size\" style=\"font-style:normal;font-weight:600;letter-spacing:2px;text-transform:uppercase\">\/heure<\/p>\n\n\n\n<div style=\"height:16px\" aria-hidden=\"true\" class=\"wp-block-spacer\"><\/div>\n\n\n\n<p class=\"has-text-align-center has-normal-font-size\">Approche sur-mesure<\/p>\n\n\n\n<p class=\"has-text-align-center has-normal-font-size\">Mise en place de solutions concr\u00e8tes<\/p>\n\n\n\n<p class=\"has-text-align-center has-normal-font-size\">Acc\u00e8s \u00e0 un r\u00e9seau d\u2019experts et d\u2019investisseurs<\/p>\n\n\n\n<p class=\"has-text-align-center has-normal-font-size\">Flexibilit\u00e9 tarifaire<\/p>\n\n\n\n<div style=\"height:16px\" aria-hidden=\"true\" class=\"wp-block-spacer\"><\/div>\n\n\n\n<div class=\"wp-block-buttons is-content-justification-space-between is-layout-flex wp-container-core-buttons-is-layout-b2891da8 wp-block-buttons-is-layout-flex\">\n<div class=\"wp-block-button has-custom-width wp-block-button__width-100\"><a class=\"wp-block-button__link has-raft-fg-alt-color has-text-color wp-element-button\" href=\"https:\/\/rpn-consulting.fr\/?page_id=66\">Prendre rendez-vous<\/a><\/div>\n<\/div>\n<\/div>\n<\/div>\n\n\n\n<div class=\"wp-block-column is-layout-flow wp-block-column-is-layout-flow\">\n<div class=\"wp-block-group has-raft-fg-alt-color has-raft-bg-inv-background-color has-text-color has-background has-link-color wp-elements-ab59e5e770c400bd97c6706205015a84 is-layout-constrained wp-container-core-group-is-layout-ba3d759a wp-block-group-is-layout-constrained\" style=\"border-radius:5px;padding-top:var(--wp--preset--spacing--50);padding-right:var(--wp--preset--spacing--50);padding-bottom:var(--wp--preset--spacing--50);padding-left:var(--wp--preset--spacing--50)\">\n<h3 class=\"wp-block-heading has-text-align-center has-medium-font-size\">Formations &amp; Ateliers Personnalis\u00e9s<\/h3>\n\n\n\n<p class=\"has-text-align-center has-small-font-size\" style=\"font-style:normal;font-weight:600;letter-spacing:2px;text-transform:uppercase\">Sur demande selon les besoins sp\u00e9cifiques<\/p>\n\n\n\n<div style=\"height:16px\" aria-hidden=\"true\" class=\"wp-block-spacer\"><\/div>\n\n\n\n<p class=\"has-text-align-center has-normal-font-size\">Th\u00e9matiques adapt\u00e9es \u00e0 votre activit\u00e9<\/p>\n\n\n\n<p class=\"has-text-align-center has-normal-font-size\">Apprentissage interactif et pratique<\/p>\n\n\n\n<p class=\"has-text-align-center has-normal-font-size\">Formations accessibles et \u00e9volutives<\/p>\n\n\n\n<p class=\"has-text-align-center has-normal-font-size\">Supports p\u00e9dagogiques fournis<\/p>\n\n\n\n<div style=\"height:16px\" aria-hidden=\"true\" class=\"wp-block-spacer\"><\/div>\n\n\n\n<div class=\"wp-block-buttons is-content-justification-space-between is-layout-flex wp-container-core-buttons-is-layout-b2891da8 wp-block-buttons-is-layout-flex\">\n<div class=\"wp-block-button has-custom-width wp-block-button__width-100\"><a class=\"wp-block-button__link has-raft-fg-alt-color has-text-color wp-element-button\" href=\"https:\/\/rpn-consulting.fr\/?page_id=66\">Prendre rendez-vous<\/a><\/div>\n<\/div>\n<\/div>\n<\/div>\n<\/div>\n\n\n\n<p class=\"has-text-align-center has-small-font-size\"><\/p>\n<\/div>\n<\/div>\n","protected":false},"excerpt":{"rendered":"<p>contrat de mandat Le contrat de mandat pour la lev\u00e9e de fonds : une solution cl\u00e9 en main pour vos projets Le\u00a0contrat de mandat pour la lev\u00e9e de fonds\u00a0est une solution id\u00e9ale pour les structures artistiques souhaitant financer leurs projets de mani\u00e8re efficace et s\u00e9curis\u00e9e. Gr\u00e2ce \u00e0 ce dispositif, RPN Consulting\u00a0accompagne les cr\u00e9ateurs et institutions [&hellip;]<\/p>\n","protected":false},"author":1,"featured_media":0,"parent":0,"menu_order":0,"comment_status":"closed","ping_status":"closed","template":"","meta":{"footnotes":""},"class_list":["post-109","page","type-page","status-publish","hentry"],"_links":{"self":[{"href":"https:\/\/rpn-consulting.fr\/index.php?rest_route=\/wp\/v2\/pages\/109","targetHints":{"allow":["GET"]}}],"collection":[{"href":"https:\/\/rpn-consulting.fr\/index.php?rest_route=\/wp\/v2\/pages"}],"about":[{"href":"https:\/\/rpn-consulting.fr\/index.php?rest_route=\/wp\/v2\/types\/page"}],"author":[{"embeddable":true,"href":"https:\/\/rpn-consulting.fr\/index.php?rest_route=\/wp\/v2\/users\/1"}],"replies":[{"embeddable":true,"href":"https:\/\/rpn-consulting.fr\/index.php?rest_route=%2Fwp%2Fv2%2Fcomments&post=109"}],"version-history":[{"count":3,"href":"https:\/\/rpn-consulting.fr\/index.php?rest_route=\/wp\/v2\/pages\/109\/revisions"}],"predecessor-version":[{"id":116,"href":"https:\/\/rpn-consulting.fr\/index.php?rest_route=\/wp\/v2\/pages\/109\/revisions\/116"}],"wp:attachment":[{"href":"https:\/\/rpn-consulting.fr\/index.php?rest_route=%2Fwp%2Fv2%2Fmedia&parent=109"}],"curies":[{"name":"wp","href":"https:\/\/api.w.org\/{rel}","templated":true}]}}